{"id":4,"date":"2025-12-18T15:22:12","date_gmt":"2025-12-18T15:22:12","guid":{"rendered":"https:\/\/dstest.twentyfour.dev\/?page_id=4"},"modified":"2025-12-18T21:43:40","modified_gmt":"2025-12-18T21:43:40","slug":"nyheder-artikler","status":"publish","type":"page","link":"https:\/\/dstest.twentyfour.dev\/da\/nyheder-artikler\/","title":{"rendered":"Nyheder &amp; artikler"},"content":{"rendered":"<section class=\"hero-section-2 bg-bg-border pt-15 xl:pt-30 pb-8 xl:pb-15 max-xl:px-4\">\n\t<div class=\"container mx-auto\">\n\t\t<div class=\"flex flex-col md:flex-row gap-8 xl:gap-10 justify-between\">\n\t\t\t<div class=\"title-wrapper md:self-center\">\n\t\t\t\t\t\t\t\t\t\t\t\t\t\t\t\t\t<h1 class=\"headline text-title text-2xl xl:text-28 leading-[120%] font-light max-w-150 text-balance !pb-6 lg:!pb-10\">Nyheder fra DS St\u00e5lprofil<\/h1>\n\t\t\t\t\t\t\t<\/div>\n\t\t\t<div class=\"block content-end\">\n            \t\t\t\t\t\t<div class=\"wysiwyg small-text-desktop leading-[150%] font-light max-w-140 text-balance\"><p>Uanset om du har sp\u00f8rgsm\u00e5l til produkter, r\u00e5dgivning eller samarbejde, kan du altid komme i kontakt med os. Vi bestr\u00e6ber os p\u00e5 at svare hurtigt og pr\u00e6cist.<\/p>\n<\/div>\n\t\t\t\t\t\t\t\t\t\t\t<\/div>\n\t\t<\/div>\n\t<\/div>\n<\/section>\n\n\n<div class=\"breadcrumbs-section my-5 max-xl:px-4 relative\">\n    <div class=\"container mx-auto\">\n            <nav aria-label=\"Breadcrumbs\">\n        <ol class=\"whitespace-nowrap overflow-hidden text-ellipsis pb-1\">\n            <li class=\"inline\">\n                <a href=\"https:\/\/dstest.twentyfour.dev\/da\/\" class=\"ms-[2px] focus:outline outline-focus\">\n                    <svg class=\"inline relative -top-[2px]\" width=\"16\" height=\"17\" viewBox=\"0 0 16 17\" fill=\"none\" xmlns=\"http:\/\/www.w3.org\/2000\/svg\">\n                        <path d=\"M7.99992 4.62668L11.3333 7.62668V12.8333H9.99992V8.83334H5.99992V12.8333H4.66659V7.62668L7.99992 4.62668ZM7.99992 2.83334L1.33325 8.83334H3.33325V14.1667H7.33325V10.1667H8.66659V14.1667H12.6666V8.83334H14.6666L7.99992 2.83334Z\" fill=\"#525252\"\/>\n                    <\/svg>\n                <\/a>\n            <\/li>\n                                        <li class=\"inline before:content-['|'] before:text-bg-border-3 before:text-[11px] before:px-2 before-px-1-5-mobile before:relative before:-top-[2px]\">\n                    <p class=\"inline text-subtle text-sm leading-[150%]\">Nyheder &amp; artikler<\/p>\n                <\/li>\n                    <\/ol>\n    <\/nav>\n    <\/div>\n    <div class=\"bg-[linear-gradient(270deg,_#FFF_-3.57%,_rgba(255,255,255,0)_100%)] absolute right-0 -top-5 w-15 h-[calc(100%+40px)] md:hidden\"><\/div>\n<\/div>\n\n<div class=\"article-overview-section my-15 max-xl:px-4\">\n    <div class=\"container mx-auto\">\n        <article class=\"latest-article-wrapper relative\">\n            <a href=\"https:\/\/dstest.twentyfour.dev\/da\/events\/herning-tivoliparks-forlystelser-skal-i-vinterhi-i-nyt-lager\/\" class=\"group flex flex-col md:flex-row gap-2 md:gap-5 max-md:mt-4 focus:outline focus:outline-offset-12 focus:outline-primary focus:outline-dashed\">\n                <div class=\"md:basis-1\/2 lg:basis-2\/3\">\n                    <div class=\"image-wrapper overflow-hidden max-lg:h-full\">\n                        <img loading=\"lazy\" decoding=\"async\" width=\"976\" height=\"600\" src=\"https:\/\/dstest.twentyfour.dev\/wp-content\/uploads\/2025\/12\/fb1c5e5d9650370a2edd9435363987143734fa48.png\" class=\"size-full scale-[1.05] group-hover:scale-100 group-focus:scale-100 object-cover transition-[scale] animation\" alt=\"\" srcset=\"https:\/\/dstest.twentyfour.dev\/wp-content\/uploads\/2025\/12\/fb1c5e5d9650370a2edd9435363987143734fa48.png 976w, https:\/\/dstest.twentyfour.dev\/wp-content\/uploads\/2025\/12\/fb1c5e5d9650370a2edd9435363987143734fa48-300x184.png 300w, https:\/\/dstest.twentyfour.dev\/wp-content\/uploads\/2025\/12\/fb1c5e5d9650370a2edd9435363987143734fa48-768x472.png 768w\" sizes=\"auto, (max-width: 976px) 100vw, 976px\" \/>                    <\/div>\n                <\/div>\n                <div class=\"md:basis-1\/2 lg:basis-1\/3 lg:ps-5\">\n                    <div class=\"w-full h-full relative max-md:gap-4 max-md:flex flex-col\">\n                        <div class=\"flex flex-col gap-2.5 md:gap-8 text-balance h-full lg:justify-end md:pe-15 lg:pe-23\">\n                            <div class=\"flex flex-col gap-1 md:gap-4 max-lg:grow\">\n                                <div class=\"text-subtle text-xs md:text-sm leading-[150%] font-light\">\n                                    <span class=\"inline after:content-['|'] after:px-3 after:text-subtle\">Events<\/span>\n                                    <span class=\"inline capitalize\">18 dec 2025<\/span>\n                                <\/div>\n                                <h2 class=\"text-title text-sm md:text-2xl leading-[150%] md:leading-[120%] font-light\">Herning Tivoliparks forlystelser skal i vinterhi i nyt lager<\/h2>\n                            <\/div>\n                            <div class=\"wysiwyg text-body text-xs md:text-base leading-[150%] font-light max-md:pe-7.5\">DS St\u00e5lprofil har indg\u00e5et et strategisk samarbejde med lokale arkitekter for at udvikle innovative bygninger, der udnytter vores materialer optimalt.<\/div>\n                        <\/div>\n                        <div class=\"size-5 xl:size-8 ms-0 mt-0 lg:mt-2 me-2 mb-0 group-hover:ms-2 group-hover:mt-0 group-hover:me-0 group-hover:mb-2 group-focus:ms-2 group-focus:mt-0 group-focus:me-0 group-focus:mb-2 bottom-0 right-0 bg-[url(..\/img\/icon-arrow-outward-orange.svg)] bg-cover absolute transition-[margin] animation\" aria-hidden=\"true\"><\/div>\n                    <\/div>\n                <\/div>\n            <\/a>\n            <a href=\"#next-section\" class=\"group hidden lg:block justify-items-center\">\n                <div class=\"image-section--box p-1 bg-white rounded-sm absolute bottom-[10%] grid place-items-center group-focus:outline group-focus:outline-focus z-3\">\n                    <svg width=\"24\" height=\"24\" viewBox=\"0 0 24 24\" fill=\"none\" xmlns=\"http:\/\/www.w3.org\/2000\/svg\">\n                        <path d=\"M20 12L18.59 10.59L13 16.17V4H11V16.17L5.42 10.58L4 12L12 20L20 12Z\" fill=\"#D4761E\"\/>\n                    <\/svg>\n                <\/div>\n            <\/a>\n        <\/article>\n\n        <div id=\"next-section\"><\/div>\n        <div class=\"article-grid grid grid-cols-1 md:grid-cols-2 lg:grid-cols-3 mt-10 gap-4 lg:gap-8 xl:gap-10 max-md:mt-4\" data-post-cat=\"\" data-posts-per-page=\"12\">\n                            <article class=\"article-item\">\n                    <a href=\"https:\/\/dstest.twentyfour.dev\/da\/nyheder\/lynhurtig-montage-i-timelapse-video\/\" class=\"flex flex-col gap-1 md:gap-4 group focus:outline focus:outline-offset-12 focus:outline-primary focus:outline-dashed max-md:relative\">\n                                                    <div class=\"image-wrapper overflow-hidden mb-1 md:mb-4\">\n                                <img loading=\"lazy\" decoding=\"async\" width=\"640\" height=\"480\" src=\"https:\/\/dstest.twentyfour.dev\/wp-content\/uploads\/2025\/12\/18455e4d3b6ce5b67a4d84f7bd0209231c94f1c2-1024x768.png\" class=\"w-full h-full aspect-[922\/610] object-cover scale-100 group-hover:scale-[1.05] group-focus:scale-[1.05] transition-[scale] animation wp-post-image\" alt=\"\" srcset=\"https:\/\/dstest.twentyfour.dev\/wp-content\/uploads\/2025\/12\/18455e4d3b6ce5b67a4d84f7bd0209231c94f1c2-1024x768.png 1024w, https:\/\/dstest.twentyfour.dev\/wp-content\/uploads\/2025\/12\/18455e4d3b6ce5b67a4d84f7bd0209231c94f1c2-300x225.png 300w, https:\/\/dstest.twentyfour.dev\/wp-content\/uploads\/2025\/12\/18455e4d3b6ce5b67a4d84f7bd0209231c94f1c2-768x576.png 768w, https:\/\/dstest.twentyfour.dev\/wp-content\/uploads\/2025\/12\/18455e4d3b6ce5b67a4d84f7bd0209231c94f1c2-1536x1153.png 1536w, https:\/\/dstest.twentyfour.dev\/wp-content\/uploads\/2025\/12\/18455e4d3b6ce5b67a4d84f7bd0209231c94f1c2-2048x1537.png 2048w\" sizes=\"auto, (max-width: 640px) 100vw, 640px\" \/>                            <\/div>\n                                                <span class=\"text-subtle text-xs md:text-sm capitalize\">18 dec 2025<\/span>\n                        <h3 class=\"text-title text-sm md:text-xl leading-[120%] font-light max-md:mb-3\">Lynhurtig montage i timelapse-video<\/h3>\n                        <div class=\"wysiwyg text-body text-xs md:text-base xl:text-lg leading-[150%] font-light max-md:pe-7.5\">DS St\u00e5lprofil har forpligtet sig til b\u00e6redygtighed ved at implementere nye, milj\u00f8venlige produktionsmetoder, der reducerer CO2-udslippet med 30%.<\/div>\n                        <div class=\"size-5 xl:size-8 bg-[url(..\/img\/icon-arrow-outward-orange.svg)] bg-cover me-[6px] mb-0 ms-0 group-hover:mt-0 group-hover:me-0 group-hover:mb-[6px] group-hover:ms-[6px] group-focus:mt-0 group-focus:me-0 group-focus:mb-[6px] group-focus:ms-[6px] max-md:absolute max-md:bottom-0 max-md:right-0 transition-[margin] animation\"><\/div>\n                    <\/a>\n                <\/article>\n                            <article class=\"article-item\">\n                    <a href=\"https:\/\/dstest.twentyfour.dev\/da\/nyheder\/fra-laerling-til-leder-moedthomas-ny-produktionschef-hosds-staalprofil\/\" class=\"flex flex-col gap-1 md:gap-4 group focus:outline focus:outline-offset-12 focus:outline-primary focus:outline-dashed max-md:relative\">\n                                                    <div class=\"image-wrapper overflow-hidden mb-1 md:mb-4\">\n                                <img loading=\"lazy\" decoding=\"async\" width=\"640\" height=\"427\" src=\"https:\/\/dstest.twentyfour.dev\/wp-content\/uploads\/2025\/12\/7c57802605ff073f8f4b1da0b091379bc9bd7aeb-1024x683.jpg\" class=\"w-full h-full aspect-[922\/610] object-cover scale-100 group-hover:scale-[1.05] group-focus:scale-[1.05] transition-[scale] animation wp-post-image\" alt=\"\" srcset=\"https:\/\/dstest.twentyfour.dev\/wp-content\/uploads\/2025\/12\/7c57802605ff073f8f4b1da0b091379bc9bd7aeb-1024x683.jpg 1024w, https:\/\/dstest.twentyfour.dev\/wp-content\/uploads\/2025\/12\/7c57802605ff073f8f4b1da0b091379bc9bd7aeb-300x200.jpg 300w, https:\/\/dstest.twentyfour.dev\/wp-content\/uploads\/2025\/12\/7c57802605ff073f8f4b1da0b091379bc9bd7aeb-768x512.jpg 768w, https:\/\/dstest.twentyfour.dev\/wp-content\/uploads\/2025\/12\/7c57802605ff073f8f4b1da0b091379bc9bd7aeb-1536x1024.jpg 1536w, https:\/\/dstest.twentyfour.dev\/wp-content\/uploads\/2025\/12\/7c57802605ff073f8f4b1da0b091379bc9bd7aeb-2048x1366.jpg 2048w\" sizes=\"auto, (max-width: 640px) 100vw, 640px\" \/>                            <\/div>\n                                                <span class=\"text-subtle text-xs md:text-sm capitalize\">18 dec 2025<\/span>\n                        <h3 class=\"text-title text-sm md:text-xl leading-[120%] font-light max-md:mb-3\">Fra l\u00e6rling til leder: M\u00f8dThomas \u2013 ny produktionschef hosDS St\u00e5lprofil<\/h3>\n                        <div class=\"wysiwyg text-body text-xs md:text-base xl:text-lg leading-[150%] font-light max-md:pe-7.5\">Inger S\u00f8rensen deler sin rejse fra studerende til ingeni\u00f8r hos DS St\u00e5lprofil og diskuterer de innovative projekter, hun arbejder p\u00e5.<\/div>\n                        <div class=\"size-5 xl:size-8 bg-[url(..\/img\/icon-arrow-outward-orange.svg)] bg-cover me-[6px] mb-0 ms-0 group-hover:mt-0 group-hover:me-0 group-hover:mb-[6px] group-hover:ms-[6px] group-focus:mt-0 group-focus:me-0 group-focus:mb-[6px] group-focus:ms-[6px] max-md:absolute max-md:bottom-0 max-md:right-0 transition-[margin] animation\"><\/div>\n                    <\/a>\n                <\/article>\n                            <article class=\"article-item\">\n                    <a href=\"https:\/\/dstest.twentyfour.dev\/da\/artikler\/lynhurtig-montage-i-timelapse-video-2\/\" class=\"flex flex-col gap-1 md:gap-4 group focus:outline focus:outline-offset-12 focus:outline-primary focus:outline-dashed max-md:relative\">\n                                                    <div class=\"image-wrapper overflow-hidden mb-1 md:mb-4\">\n                                <img loading=\"lazy\" decoding=\"async\" width=\"640\" height=\"427\" src=\"https:\/\/dstest.twentyfour.dev\/wp-content\/uploads\/2025\/12\/f49e484dd367c9ec85dc7b012e2c383a61c7abac-1024x683.png\" class=\"w-full h-full aspect-[922\/610] object-cover scale-100 group-hover:scale-[1.05] group-focus:scale-[1.05] transition-[scale] animation wp-post-image\" alt=\"\" srcset=\"https:\/\/dstest.twentyfour.dev\/wp-content\/uploads\/2025\/12\/f49e484dd367c9ec85dc7b012e2c383a61c7abac-1024x683.png 1024w, https:\/\/dstest.twentyfour.dev\/wp-content\/uploads\/2025\/12\/f49e484dd367c9ec85dc7b012e2c383a61c7abac-300x200.png 300w, https:\/\/dstest.twentyfour.dev\/wp-content\/uploads\/2025\/12\/f49e484dd367c9ec85dc7b012e2c383a61c7abac-768x512.png 768w, https:\/\/dstest.twentyfour.dev\/wp-content\/uploads\/2025\/12\/f49e484dd367c9ec85dc7b012e2c383a61c7abac-1536x1024.png 1536w, https:\/\/dstest.twentyfour.dev\/wp-content\/uploads\/2025\/12\/f49e484dd367c9ec85dc7b012e2c383a61c7abac-2048x1366.png 2048w\" sizes=\"auto, (max-width: 640px) 100vw, 640px\" \/>                            <\/div>\n                                                <span class=\"text-subtle text-xs md:text-sm capitalize\">18 okt 2025<\/span>\n                        <h3 class=\"text-title text-sm md:text-xl leading-[120%] font-light max-md:mb-3\">Lynhurtig montage i timelapse-video<\/h3>\n                        <div class=\"wysiwyg text-body text-xs md:text-base xl:text-lg leading-[150%] font-light max-md:pe-7.5\">I en branche pr\u00e6get af pr\u00e6cision og holdbarhed er det menneskene bag st\u00e5let, der g\u00f8r den st\u00f8rste forskel. Hos DS St\u00e5lprofil er vi stolte af at kunne pr\u00e6sentere vores nye produktionschef, Thomas Madsen, der startede som l\u00e6rling i virksomheden for 18 \u00e5r siden.<\/div>\n                        <div class=\"size-5 xl:size-8 bg-[url(..\/img\/icon-arrow-outward-orange.svg)] bg-cover me-[6px] mb-0 ms-0 group-hover:mt-0 group-hover:me-0 group-hover:mb-[6px] group-hover:ms-[6px] group-focus:mt-0 group-focus:me-0 group-focus:mb-[6px] group-focus:ms-[6px] max-md:absolute max-md:bottom-0 max-md:right-0 transition-[margin] animation\"><\/div>\n                    <\/a>\n                <\/article>\n                    <\/div>\n        <div class=\"w-full text-base xl:text-lg text-center mt-4 md:mt-6 xl:mt-15\">\t<button type=\"button\" data-offset=\"13\" class=\"load-more cursor-pointer py-4.5 lg:py-5 px-6.5 lg:px-7 items-center text-base xl:text-lg text-center text-black hover:text-white focus:text-black bg-white hover:bg-primary focus:bg-white border border-primary rounded-md focus:outline outline-focus hidden\">Indl\u00e6s flere<\/button>\n<\/div>\n    <\/div>\n\t<script type=\"text\/template\" class=\"article-template\">\n\t\t<article class=\"article-item\">\n\t\t\t<a href=\"%__link__%\" class=\"flex flex-col gap-1 md:gap-4 group focus:outline focus:outline-offset-12 focus:outline-primary focus:outline-dashed max-md:relative\">\n                <div class=\"image-wrapper overflow-hidden mb-1 md:mb-4\">\n\t\t\t\t\t%__image__%\n\t\t\t\t<\/div>\n                <span class=\"text-subtle text-xs md:text-sm capitalize\">%__date__%<\/span>\n\t\t\t\t<h3 class=\"text-title text-sm md:text-xl leading-[120%] font-light max-md:mb-3\">%__title__%<\/h3>\n                <div class=\"wysiwyg text-body text-xs md:text-base xl:text-lg leading-[150%] font-light max-md:pe-7.5\">%__excerpt__%<\/div>\n\t\t\t\t<div class=\"size-5 xl:size-8 bg-[url(..\/img\/icon-arrow-outward-orange.svg)] bg-cover me-[6px] mb-0 ms-0 group-hover:mt-0 group-hover:me-0 group-hover:mb-[6px] group-hover:ms-[6px] group-focus:mt-0 group-focus:me-0 group-focus:mb-[6px] group-focus:ms-[6px] max-md:absolute max-md:bottom-0 max-md:right-0 transition-[margin] animation\"><\/div>\n\t\t\t<\/a>\n\t\t<\/article>\n\t<\/script>\n<\/div>\n","protected":false},"excerpt":{"rendered":"","protected":false},"author":2,"featured_media":0,"parent":0,"menu_order":0,"comment_status":"closed","ping_status":"closed","template":"","meta":{"_acf_changed":false,"inline_featured_image":false,"footnotes":""},"class_list":["post-4","page","type-page","status-publish","hentry"],"acf":[],"yoast_head":"<!-- This site is optimized with the Yoast SEO plugin v26.8 - https:\/\/yoast.com\/product\/yoast-seo-wordpress\/ -->\n<title>Nyheder &amp; artikler - Development<\/title>\n<meta name=\"robots\" content=\"noindex, follow, max-snippet:-1, max-image-preview:large, max-video-preview:-1\" \/>\n<meta property=\"og:locale\" content=\"da_DK\" \/>\n<meta property=\"og:type\" content=\"article\" \/>\n<meta property=\"og:title\" content=\"Nyheder &amp; artikler - Development\" \/>\n<meta property=\"og:url\" content=\"https:\/\/dstest.twentyfour.dev\/da\/nyheder-artikler\/\" \/>\n<meta property=\"og:site_name\" content=\"Development\" \/>\n<meta property=\"article:modified_time\" content=\"2025-12-18T21:43:40+00:00\" \/>\n<meta name=\"twitter:card\" content=\"summary_large_image\" \/>\n<meta name=\"twitter:label1\" content=\"Estimeret l\u00e6setid\" \/>\n\t<meta name=\"twitter:data1\" content=\"1 minut\" \/>\n<script type=\"application\/ld+json\" class=\"yoast-schema-graph\">{\"@context\":\"https:\/\/schema.org\",\"@graph\":[{\"@type\":\"WebPage\",\"@id\":\"https:\/\/dstest.twentyfour.dev\/da\/nyheder-artikler\/\",\"url\":\"https:\/\/dstest.twentyfour.dev\/da\/nyheder-artikler\/\",\"name\":\"Nyheder &amp; artikler - Development\",\"isPartOf\":{\"@id\":\"https:\/\/dstest.twentyfour.dev\/da\/#website\"},\"datePublished\":\"2025-12-18T15:22:12+00:00\",\"dateModified\":\"2025-12-18T21:43:40+00:00\",\"breadcrumb\":{\"@id\":\"https:\/\/dstest.twentyfour.dev\/da\/nyheder-artikler\/#breadcrumb\"},\"inLanguage\":\"da-DK\",\"potentialAction\":[{\"@type\":\"ReadAction\",\"target\":[\"https:\/\/dstest.twentyfour.dev\/da\/nyheder-artikler\/\"]}]},{\"@type\":\"BreadcrumbList\",\"@id\":\"https:\/\/dstest.twentyfour.dev\/da\/nyheder-artikler\/#breadcrumb\",\"itemListElement\":[{\"@type\":\"ListItem\",\"position\":1,\"name\":\"Home\",\"item\":\"https:\/\/dstest.twentyfour.dev\/da\/\"},{\"@type\":\"ListItem\",\"position\":2,\"name\":\"Nyheder &amp; artikler\"}]},{\"@type\":\"WebSite\",\"@id\":\"https:\/\/dstest.twentyfour.dev\/da\/#website\",\"url\":\"https:\/\/dstest.twentyfour.dev\/da\/\",\"name\":\"Development\",\"description\":\"\",\"publisher\":{\"@id\":\"https:\/\/dstest.twentyfour.dev\/da\/#organization\"},\"potentialAction\":[{\"@type\":\"SearchAction\",\"target\":{\"@type\":\"EntryPoint\",\"urlTemplate\":\"https:\/\/dstest.twentyfour.dev\/da\/?s={search_term_string}\"},\"query-input\":{\"@type\":\"PropertyValueSpecification\",\"valueRequired\":true,\"valueName\":\"search_term_string\"}}],\"inLanguage\":\"da-DK\"},{\"@type\":\"Organization\",\"@id\":\"https:\/\/dstest.twentyfour.dev\/da\/#organization\",\"name\":\"Development\",\"url\":\"https:\/\/dstest.twentyfour.dev\/da\/\",\"logo\":{\"@type\":\"ImageObject\",\"inLanguage\":\"da-DK\",\"@id\":\"https:\/\/dstest.twentyfour.dev\/da\/#\/schema\/logo\/image\/\",\"url\":\"https:\/\/dstest.twentyfour.dev\/wp-content\/uploads\/2025\/12\/logo-ds-sta_lprofil.svg\",\"contentUrl\":\"https:\/\/dstest.twentyfour.dev\/wp-content\/uploads\/2025\/12\/logo-ds-sta_lprofil.svg\",\"width\":320,\"height\":59,\"caption\":\"Development\"},\"image\":{\"@id\":\"https:\/\/dstest.twentyfour.dev\/da\/#\/schema\/logo\/image\/\"}}]}<\/script>\n<!-- \/ Yoast SEO plugin. -->","yoast_head_json":{"title":"Nyheder &amp; artikler - Development","robots":{"index":"noindex","follow":"follow","max-snippet":"max-snippet:-1","max-image-preview":"max-image-preview:large","max-video-preview":"max-video-preview:-1"},"og_locale":"da_DK","og_type":"article","og_title":"Nyheder &amp; artikler - Development","og_url":"https:\/\/dstest.twentyfour.dev\/da\/nyheder-artikler\/","og_site_name":"Development","article_modified_time":"2025-12-18T21:43:40+00:00","twitter_card":"summary_large_image","twitter_misc":{"Estimeret l\u00e6setid":"1 minut"},"schema":{"@context":"https:\/\/schema.org","@graph":[{"@type":"WebPage","@id":"https:\/\/dstest.twentyfour.dev\/da\/nyheder-artikler\/","url":"https:\/\/dstest.twentyfour.dev\/da\/nyheder-artikler\/","name":"Nyheder &amp; artikler - Development","isPartOf":{"@id":"https:\/\/dstest.twentyfour.dev\/da\/#website"},"datePublished":"2025-12-18T15:22:12+00:00","dateModified":"2025-12-18T21:43:40+00:00","breadcrumb":{"@id":"https:\/\/dstest.twentyfour.dev\/da\/nyheder-artikler\/#breadcrumb"},"inLanguage":"da-DK","potentialAction":[{"@type":"ReadAction","target":["https:\/\/dstest.twentyfour.dev\/da\/nyheder-artikler\/"]}]},{"@type":"BreadcrumbList","@id":"https:\/\/dstest.twentyfour.dev\/da\/nyheder-artikler\/#breadcrumb","itemListElement":[{"@type":"ListItem","position":1,"name":"Home","item":"https:\/\/dstest.twentyfour.dev\/da\/"},{"@type":"ListItem","position":2,"name":"Nyheder &amp; artikler"}]},{"@type":"WebSite","@id":"https:\/\/dstest.twentyfour.dev\/da\/#website","url":"https:\/\/dstest.twentyfour.dev\/da\/","name":"Development","description":"","publisher":{"@id":"https:\/\/dstest.twentyfour.dev\/da\/#organization"},"potentialAction":[{"@type":"SearchAction","target":{"@type":"EntryPoint","urlTemplate":"https:\/\/dstest.twentyfour.dev\/da\/?s={search_term_string}"},"query-input":{"@type":"PropertyValueSpecification","valueRequired":true,"valueName":"search_term_string"}}],"inLanguage":"da-DK"},{"@type":"Organization","@id":"https:\/\/dstest.twentyfour.dev\/da\/#organization","name":"Development","url":"https:\/\/dstest.twentyfour.dev\/da\/","logo":{"@type":"ImageObject","inLanguage":"da-DK","@id":"https:\/\/dstest.twentyfour.dev\/da\/#\/schema\/logo\/image\/","url":"https:\/\/dstest.twentyfour.dev\/wp-content\/uploads\/2025\/12\/logo-ds-sta_lprofil.svg","contentUrl":"https:\/\/dstest.twentyfour.dev\/wp-content\/uploads\/2025\/12\/logo-ds-sta_lprofil.svg","width":320,"height":59,"caption":"Development"},"image":{"@id":"https:\/\/dstest.twentyfour.dev\/da\/#\/schema\/logo\/image\/"}}]}},"_links":{"self":[{"href":"https:\/\/dstest.twentyfour.dev\/da\/wp-json\/wp\/v2\/pages\/4","targetHints":{"allow":["GET"]}}],"collection":[{"href":"https:\/\/dstest.twentyfour.dev\/da\/wp-json\/wp\/v2\/pages"}],"about":[{"href":"https:\/\/dstest.twentyfour.dev\/da\/wp-json\/wp\/v2\/types\/page"}],"author":[{"embeddable":true,"href":"https:\/\/dstest.twentyfour.dev\/da\/wp-json\/wp\/v2\/users\/2"}],"replies":[{"embeddable":true,"href":"https:\/\/dstest.twentyfour.dev\/da\/wp-json\/wp\/v2\/comments?post=4"}],"version-history":[{"count":2,"href":"https:\/\/dstest.twentyfour.dev\/da\/wp-json\/wp\/v2\/pages\/4\/revisions"}],"predecessor-version":[{"id":522,"href":"https:\/\/dstest.twentyfour.dev\/da\/wp-json\/wp\/v2\/pages\/4\/revisions\/522"}],"wp:attachment":[{"href":"https:\/\/dstest.twentyfour.dev\/da\/wp-json\/wp\/v2\/media?parent=4"}],"curies":[{"name":"wp","href":"https:\/\/api.w.org\/{rel}","templated":true}]}}